{"id":13141,"date":"2020-11-24T15:11:58","date_gmt":"2020-11-24T12:11:58","guid":{"rendered":"https:\/\/www.minuunistustepaev.ee\/vabatahtlikud\/"},"modified":"2023-09-21T14:40:21","modified_gmt":"2023-09-21T11:40:21","slug":"vabatahtlikud","status":"publish","type":"page","link":"https:\/\/minuunistustepaev.ee\/en\/vabatahtlikud\/","title":{"rendered":"Vabatahtlikud"},"content":{"rendered":"\n<p>Minu Unistuste P\u00e4ev on vabatahtlike tegevusel p\u00f5hinev organisatsioon. Meie vabatahtlik panustab oma aega aastaringselt olles loomult positiivse ellusuhtumisega, initsiatiivikas, empaatiline, koost\u00f6\u00f6aldis, vastutustundlik ning kirglik k\u00f5iges, mis ta ette v\u00f5tab. Vabatahtlikud on meie fondi unistuste haldjad, kes annavad endast alati parima, et korraldada haigele lapsele ja tema perele eriline s\u00fcndmus.<\/p>\n\n\n\n<p><strong>\u201eUnistuste vabatahtlik on r\u00f5\u00f5msameelne, initsiatiivikas, meeskonnat\u00f6\u00f6le orienteeritud ning julgeb v\u00f5tta vastutust, mis unistuste s\u00fcndmuste korraldamisega kaasneb.\u201c<\/strong><\/p>\n\n\n\n<p><\/p>\n\n\n\n<div class=\"wp-block-buttons is-layout-flex wp-block-buttons-is-layout-flex\">\n<div class=\"wp-block-button anchor\"><a class=\"wp-block-button__link wp-element-button\" href=\"#joinus\">Kandideeri vabatahtlikuks<\/a><\/div>\n<\/div>\n\n\n\n<p><\/p>\n","protected":false},"excerpt":{"rendered":"<p>Minu Unistuste P\u00e4ev on vabatahtlike tegevusel p\u00f5hinev organisatsioon. Meie vabatahtlik panustab oma aega aastaringselt olles loomult positiivse ellusuhtumisega, initsiatiivikas, empaatiline, koost\u00f6\u00f6aldis, vastutustundlik ning kirglik k\u00f5iges, [&hellip;]<\/p>\n","protected":false},"author":1,"featured_media":31069,"parent":0,"menu_order":0,"comment_status":"closed","ping_status":"closed","template":"template-vabatahtlikud.php","meta":{"_acf_changed":false,"footnotes":""},"class_list":["post-13141","page","type-page","status-publish","has-post-thumbnail","hentry"],"acf":[],"yoast_head":"<!-- This site is optimized with the Yoast SEO plugin v26.3 - https:\/\/yoast.com\/wordpress\/plugins\/seo\/ -->\n<title>Vabatahtlikud - Minu Unistuste P\u00e4ev<\/title>\n<meta name=\"robots\" content=\"index, follow, max-snippet:-1, max-image-preview:large, max-video-preview:-1\" \/>\n<link rel=\"canonical\" href=\"https:\/\/www.minuunistustepaev.ee\/en\/vabatahtlikud\/\" \/>\n<meta property=\"og:locale\" content=\"en_US\" \/>\n<meta property=\"og:type\" content=\"article\" \/>\n<meta property=\"og:title\" content=\"Vabatahtlikud - Minu Unistuste P\u00e4ev\" \/>\n<meta property=\"og:description\" content=\"Minu Unistuste P\u00e4ev on vabatahtlike tegevusel p\u00f5hinev organisatsioon. Meie vabatahtlik panustab oma aega aastaringselt olles loomult positiivse ellusuhtumisega, initsiatiivikas, empaatiline, koost\u00f6\u00f6aldis, vastutustundlik ning kirglik k\u00f5iges, [&hellip;]\" \/>\n<meta property=\"og:url\" content=\"https:\/\/www.minuunistustepaev.ee\/en\/vabatahtlikud\/\" \/>\n<meta property=\"og:site_name\" content=\"Minu Unistuste P\u00e4ev\" \/>\n<meta property=\"article:modified_time\" content=\"2023-09-21T11:40:21+00:00\" \/>\n<meta property=\"og:image\" content=\"https:\/\/www.minuunistustepaev.ee\/wp-content\/uploads\/2024\/09\/33-scaled.jpg\" \/>\n\t<meta property=\"og:image:width\" content=\"2560\" \/>\n\t<meta property=\"og:image:height\" content=\"1654\" \/>\n\t<meta property=\"og:image:type\" content=\"image\/jpeg\" \/>\n<meta name=\"twitter:card\" content=\"summary_large_image\" \/>\n<meta name=\"twitter:label1\" content=\"Est. reading time\" \/>\n\t<meta name=\"twitter:data1\" content=\"1 minute\" \/>\n<script type=\"application\/ld+json\" class=\"yoast-schema-graph\">{\"@context\":\"https:\/\/schema.org\",\"@graph\":[{\"@type\":\"WebPage\",\"@id\":\"https:\/\/www.minuunistustepaev.ee\/en\/vabatahtlikud\/\",\"url\":\"https:\/\/www.minuunistustepaev.ee\/en\/vabatahtlikud\/\",\"name\":\"Vabatahtlikud - Minu Unistuste P\u00e4ev\",\"isPartOf\":{\"@id\":\"https:\/\/minuunistustepaev.ee\/#website\"},\"primaryImageOfPage\":{\"@id\":\"https:\/\/www.minuunistustepaev.ee\/en\/vabatahtlikud\/#primaryimage\"},\"image\":{\"@id\":\"https:\/\/www.minuunistustepaev.ee\/en\/vabatahtlikud\/#primaryimage\"},\"thumbnailUrl\":\"https:\/\/minuunistustepaev.ee\/wp-content\/uploads\/2024\/09\/33-scaled.jpg\",\"datePublished\":\"2020-11-24T12:11:58+00:00\",\"dateModified\":\"2023-09-21T11:40:21+00:00\",\"breadcrumb\":{\"@id\":\"https:\/\/www.minuunistustepaev.ee\/en\/vabatahtlikud\/#breadcrumb\"},\"inLanguage\":\"en-US\",\"potentialAction\":[{\"@type\":\"ReadAction\",\"target\":[\"https:\/\/www.minuunistustepaev.ee\/en\/vabatahtlikud\/\"]}]},{\"@type\":\"ImageObject\",\"inLanguage\":\"en-US\",\"@id\":\"https:\/\/www.minuunistustepaev.ee\/en\/vabatahtlikud\/#primaryimage\",\"url\":\"https:\/\/minuunistustepaev.ee\/wp-content\/uploads\/2024\/09\/33-scaled.jpg\",\"contentUrl\":\"https:\/\/minuunistustepaev.ee\/wp-content\/uploads\/2024\/09\/33-scaled.jpg\",\"width\":2560,\"height\":1654},{\"@type\":\"BreadcrumbList\",\"@id\":\"https:\/\/www.minuunistustepaev.ee\/en\/vabatahtlikud\/#breadcrumb\",\"itemListElement\":[{\"@type\":\"ListItem\",\"position\":1,\"name\":\"Home\",\"item\":\"https:\/\/www.minuunistustepaev.ee\/en\/\"},{\"@type\":\"ListItem\",\"position\":2,\"name\":\"Vabatahtlikud\"}]},{\"@type\":\"WebSite\",\"@id\":\"https:\/\/minuunistustepaev.ee\/#website\",\"url\":\"https:\/\/minuunistustepaev.ee\/\",\"name\":\"Minu Unistuste P\u00e4ev\",\"description\":\"Unistus teeb imet\",\"potentialAction\":[{\"@type\":\"SearchAction\",\"target\":{\"@type\":\"EntryPoint\",\"urlTemplate\":\"https:\/\/minuunistustepaev.ee\/?s={search_term_string}\"},\"query-input\":{\"@type\":\"PropertyValueSpecification\",\"valueRequired\":true,\"valueName\":\"search_term_string\"}}],\"inLanguage\":\"en-US\"}]}<\/script>\n<!-- \/ Yoast SEO plugin. -->","yoast_head_json":{"title":"Vabatahtlikud - Minu Unistuste P\u00e4ev","robots":{"index":"index","follow":"follow","max-snippet":"max-snippet:-1","max-image-preview":"max-image-preview:large","max-video-preview":"max-video-preview:-1"},"canonical":"https:\/\/www.minuunistustepaev.ee\/en\/vabatahtlikud\/","og_locale":"en_US","og_type":"article","og_title":"Vabatahtlikud - Minu Unistuste P\u00e4ev","og_description":"Minu Unistuste P\u00e4ev on vabatahtlike tegevusel p\u00f5hinev organisatsioon. Meie vabatahtlik panustab oma aega aastaringselt olles loomult positiivse ellusuhtumisega, initsiatiivikas, empaatiline, koost\u00f6\u00f6aldis, vastutustundlik ning kirglik k\u00f5iges, [&hellip;]","og_url":"https:\/\/www.minuunistustepaev.ee\/en\/vabatahtlikud\/","og_site_name":"Minu Unistuste P\u00e4ev","article_modified_time":"2023-09-21T11:40:21+00:00","og_image":[{"width":2560,"height":1654,"url":"https:\/\/www.minuunistustepaev.ee\/wp-content\/uploads\/2024\/09\/33-scaled.jpg","type":"image\/jpeg"}],"twitter_card":"summary_large_image","twitter_misc":{"Est. reading time":"1 minute"},"schema":{"@context":"https:\/\/schema.org","@graph":[{"@type":"WebPage","@id":"https:\/\/www.minuunistustepaev.ee\/en\/vabatahtlikud\/","url":"https:\/\/www.minuunistustepaev.ee\/en\/vabatahtlikud\/","name":"Vabatahtlikud - Minu Unistuste P\u00e4ev","isPartOf":{"@id":"https:\/\/minuunistustepaev.ee\/#website"},"primaryImageOfPage":{"@id":"https:\/\/www.minuunistustepaev.ee\/en\/vabatahtlikud\/#primaryimage"},"image":{"@id":"https:\/\/www.minuunistustepaev.ee\/en\/vabatahtlikud\/#primaryimage"},"thumbnailUrl":"https:\/\/minuunistustepaev.ee\/wp-content\/uploads\/2024\/09\/33-scaled.jpg","datePublished":"2020-11-24T12:11:58+00:00","dateModified":"2023-09-21T11:40:21+00:00","breadcrumb":{"@id":"https:\/\/www.minuunistustepaev.ee\/en\/vabatahtlikud\/#breadcrumb"},"inLanguage":"en-US","potentialAction":[{"@type":"ReadAction","target":["https:\/\/www.minuunistustepaev.ee\/en\/vabatahtlikud\/"]}]},{"@type":"ImageObject","inLanguage":"en-US","@id":"https:\/\/www.minuunistustepaev.ee\/en\/vabatahtlikud\/#primaryimage","url":"https:\/\/minuunistustepaev.ee\/wp-content\/uploads\/2024\/09\/33-scaled.jpg","contentUrl":"https:\/\/minuunistustepaev.ee\/wp-content\/uploads\/2024\/09\/33-scaled.jpg","width":2560,"height":1654},{"@type":"BreadcrumbList","@id":"https:\/\/www.minuunistustepaev.ee\/en\/vabatahtlikud\/#breadcrumb","itemListElement":[{"@type":"ListItem","position":1,"name":"Home","item":"https:\/\/www.minuunistustepaev.ee\/en\/"},{"@type":"ListItem","position":2,"name":"Vabatahtlikud"}]},{"@type":"WebSite","@id":"https:\/\/minuunistustepaev.ee\/#website","url":"https:\/\/minuunistustepaev.ee\/","name":"Minu Unistuste P\u00e4ev","description":"Unistus teeb imet","potentialAction":[{"@type":"SearchAction","target":{"@type":"EntryPoint","urlTemplate":"https:\/\/minuunistustepaev.ee\/?s={search_term_string}"},"query-input":{"@type":"PropertyValueSpecification","valueRequired":true,"valueName":"search_term_string"}}],"inLanguage":"en-US"}]}},"_links":{"self":[{"href":"https:\/\/minuunistustepaev.ee\/en\/wp-json\/wp\/v2\/pages\/13141","targetHints":{"allow":["GET"]}}],"collection":[{"href":"https:\/\/minuunistustepaev.ee\/en\/wp-json\/wp\/v2\/pages"}],"about":[{"href":"https:\/\/minuunistustepaev.ee\/en\/wp-json\/wp\/v2\/types\/page"}],"author":[{"embeddable":true,"href":"https:\/\/minuunistustepaev.ee\/en\/wp-json\/wp\/v2\/users\/1"}],"replies":[{"embeddable":true,"href":"https:\/\/minuunistustepaev.ee\/en\/wp-json\/wp\/v2\/comments?post=13141"}],"version-history":[{"count":3,"href":"https:\/\/minuunistustepaev.ee\/en\/wp-json\/wp\/v2\/pages\/13141\/revisions"}],"predecessor-version":[{"id":28278,"href":"https:\/\/minuunistustepaev.ee\/en\/wp-json\/wp\/v2\/pages\/13141\/revisions\/28278"}],"wp:featuredmedia":[{"embeddable":true,"href":"https:\/\/minuunistustepaev.ee\/en\/wp-json\/wp\/v2\/media\/31069"}],"wp:attachment":[{"href":"https:\/\/minuunistustepaev.ee\/en\/wp-json\/wp\/v2\/media?parent=13141"}],"curies":[{"name":"wp","href":"https:\/\/api.w.org\/{rel}","templated":true}]}}