{"id":13136,"date":"2020-09-30T12:33:16","date_gmt":"2020-09-30T09:33:16","guid":{"rendered":"https:\/\/www.minuunistustepaev.ee\/fond\/"},"modified":"2025-11-04T15:01:18","modified_gmt":"2025-11-04T12:01:18","slug":"fond","status":"publish","type":"page","link":"https:\/\/minuunistustepaev.ee\/ru\/fond\/","title":{"rendered":"Fond"},"content":{"rendered":"\n<h1 class=\"wp-block-heading\">FONDIST<\/h1>\n\n\n\n<p>Minu Unistuste P\u00e4evas usume, et positiivsed emotsioonid aitavad toime tulla elu k\u00f5ige keerulisemate hetkedega ning s\u00fcstivad l\u00e4bi unistuste t\u00e4itumiste usku ja lootust helgemasse homsesse. Hoolitseme selle eest, et iga elamus oleks eriline ja imeline. Lapsed on seda v\u00e4\u00e4rt.<\/p>\n\n\n\n<p><strong>Unistus teeb imet!<\/strong><\/p>\n\n\n\n<p><a href=\"https:\/\/minuunistustepaev.ee\/ru\/anneta\/\" data-type=\"URL\" data-id=\"\/anneta\">Anneta siin<\/a><\/p>\n","protected":false},"excerpt":{"rendered":"<p>FONDIST Minu Unistuste P\u00e4evas usume, et positiivsed emotsioonid aitavad toime tulla elu k\u00f5ige keerulisemate hetkedega ning s\u00fcstivad l\u00e4bi unistuste t\u00e4itumiste usku ja lootust helgemasse homsesse. [&hellip;]<\/p>\n","protected":false},"author":1,"featured_media":12129,"parent":0,"menu_order":0,"comment_status":"closed","ping_status":"closed","template":"template-fond.php","meta":{"_acf_changed":false,"footnotes":""},"class_list":["post-13136","page","type-page","status-publish","has-post-thumbnail","hentry"],"acf":[],"yoast_head":"<!-- This site is optimized with the Yoast SEO plugin v26.3 - https:\/\/yoast.com\/wordpress\/plugins\/seo\/ -->\n<title>Fond - Minu Unistuste P\u00e4ev<\/title>\n<meta name=\"robots\" content=\"index, follow, max-snippet:-1, max-image-preview:large, max-video-preview:-1\" \/>\n<link rel=\"canonical\" href=\"https:\/\/minuunistustepaev.ee\/fond\/\" \/>\n<meta property=\"og:locale\" content=\"ru_RU\" \/>\n<meta property=\"og:type\" content=\"article\" \/>\n<meta property=\"og:title\" content=\"Fond - Minu Unistuste P\u00e4ev\" \/>\n<meta property=\"og:description\" content=\"FONDIST Minu Unistuste P\u00e4evas usume, et positiivsed emotsioonid aitavad toime tulla elu k\u00f5ige keerulisemate hetkedega ning s\u00fcstivad l\u00e4bi unistuste t\u00e4itumiste usku ja lootust helgemasse homsesse. [&hellip;]\" \/>\n<meta property=\"og:url\" content=\"https:\/\/minuunistustepaev.ee\/fond\/\" \/>\n<meta property=\"og:site_name\" content=\"Minu Unistuste P\u00e4ev\" \/>\n<meta property=\"article:modified_time\" content=\"2025-11-04T12:01:18+00:00\" \/>\n<meta property=\"og:image\" content=\"https:\/\/minuunistustepaev.ee\/wp-content\/uploads\/2021\/03\/Mooni-1.jpg\" \/>\n\t<meta property=\"og:image:width\" content=\"1600\" \/>\n\t<meta property=\"og:image:height\" content=\"1067\" \/>\n\t<meta property=\"og:image:type\" content=\"image\/jpeg\" \/>\n<meta name=\"twitter:card\" content=\"summary_large_image\" \/>\n<meta name=\"twitter:label1\" content=\"\u041f\u0440\u0438\u043c\u0435\u0440\u043d\u043e\u0435 \u0432\u0440\u0435\u043c\u044f \u0434\u043b\u044f \u0447\u0442\u0435\u043d\u0438\u044f\" \/>\n\t<meta name=\"twitter:data1\" content=\"1 \u043c\u0438\u043d\u0443\u0442\u0430\" \/>\n<script type=\"application\/ld+json\" class=\"yoast-schema-graph\">{\"@context\":\"https:\/\/schema.org\",\"@graph\":[{\"@type\":\"WebPage\",\"@id\":\"https:\/\/minuunistustepaev.ee\/fond\/\",\"url\":\"https:\/\/minuunistustepaev.ee\/fond\/\",\"name\":\"Fond - Minu Unistuste P\u00e4ev\",\"isPartOf\":{\"@id\":\"https:\/\/minuunistustepaev.ee\/#website\"},\"primaryImageOfPage\":{\"@id\":\"https:\/\/minuunistustepaev.ee\/fond\/#primaryimage\"},\"image\":{\"@id\":\"https:\/\/minuunistustepaev.ee\/fond\/#primaryimage\"},\"thumbnailUrl\":\"https:\/\/minuunistustepaev.ee\/wp-content\/uploads\/2021\/03\/Mooni-1.jpg\",\"datePublished\":\"2020-09-30T09:33:16+00:00\",\"dateModified\":\"2025-11-04T12:01:18+00:00\",\"breadcrumb\":{\"@id\":\"https:\/\/minuunistustepaev.ee\/fond\/#breadcrumb\"},\"inLanguage\":\"ru-RU\",\"potentialAction\":[{\"@type\":\"ReadAction\",\"target\":[\"https:\/\/minuunistustepaev.ee\/fond\/\"]}]},{\"@type\":\"ImageObject\",\"inLanguage\":\"ru-RU\",\"@id\":\"https:\/\/minuunistustepaev.ee\/fond\/#primaryimage\",\"url\":\"https:\/\/minuunistustepaev.ee\/wp-content\/uploads\/2021\/03\/Mooni-1.jpg\",\"contentUrl\":\"https:\/\/minuunistustepaev.ee\/wp-content\/uploads\/2021\/03\/Mooni-1.jpg\",\"width\":1600,\"height\":1067},{\"@type\":\"BreadcrumbList\",\"@id\":\"https:\/\/minuunistustepaev.ee\/fond\/#breadcrumb\",\"itemListElement\":[{\"@type\":\"ListItem\",\"position\":1,\"name\":\"Home\",\"item\":\"https:\/\/minuunistustepaev.ee\/ru\/\"},{\"@type\":\"ListItem\",\"position\":2,\"name\":\"Fond\"}]},{\"@type\":\"WebSite\",\"@id\":\"https:\/\/minuunistustepaev.ee\/#website\",\"url\":\"https:\/\/minuunistustepaev.ee\/\",\"name\":\"Minu Unistuste P\u00e4ev\",\"description\":\"Unistus teeb imet\",\"potentialAction\":[{\"@type\":\"SearchAction\",\"target\":{\"@type\":\"EntryPoint\",\"urlTemplate\":\"https:\/\/minuunistustepaev.ee\/?s={search_term_string}\"},\"query-input\":{\"@type\":\"PropertyValueSpecification\",\"valueRequired\":true,\"valueName\":\"search_term_string\"}}],\"inLanguage\":\"ru-RU\"}]}<\/script>\n<!-- \/ Yoast SEO plugin. -->","yoast_head_json":{"title":"Fond - Minu Unistuste P\u00e4ev","robots":{"index":"index","follow":"follow","max-snippet":"max-snippet:-1","max-image-preview":"max-image-preview:large","max-video-preview":"max-video-preview:-1"},"canonical":"https:\/\/minuunistustepaev.ee\/fond\/","og_locale":"ru_RU","og_type":"article","og_title":"Fond - Minu Unistuste P\u00e4ev","og_description":"FONDIST Minu Unistuste P\u00e4evas usume, et positiivsed emotsioonid aitavad toime tulla elu k\u00f5ige keerulisemate hetkedega ning s\u00fcstivad l\u00e4bi unistuste t\u00e4itumiste usku ja lootust helgemasse homsesse. [&hellip;]","og_url":"https:\/\/minuunistustepaev.ee\/fond\/","og_site_name":"Minu Unistuste P\u00e4ev","article_modified_time":"2025-11-04T12:01:18+00:00","og_image":[{"width":1600,"height":1067,"url":"https:\/\/minuunistustepaev.ee\/wp-content\/uploads\/2021\/03\/Mooni-1.jpg","type":"image\/jpeg"}],"twitter_card":"summary_large_image","twitter_misc":{"\u041f\u0440\u0438\u043c\u0435\u0440\u043d\u043e\u0435 \u0432\u0440\u0435\u043c\u044f \u0434\u043b\u044f \u0447\u0442\u0435\u043d\u0438\u044f":"1 \u043c\u0438\u043d\u0443\u0442\u0430"},"schema":{"@context":"https:\/\/schema.org","@graph":[{"@type":"WebPage","@id":"https:\/\/minuunistustepaev.ee\/fond\/","url":"https:\/\/minuunistustepaev.ee\/fond\/","name":"Fond - Minu Unistuste P\u00e4ev","isPartOf":{"@id":"https:\/\/minuunistustepaev.ee\/#website"},"primaryImageOfPage":{"@id":"https:\/\/minuunistustepaev.ee\/fond\/#primaryimage"},"image":{"@id":"https:\/\/minuunistustepaev.ee\/fond\/#primaryimage"},"thumbnailUrl":"https:\/\/minuunistustepaev.ee\/wp-content\/uploads\/2021\/03\/Mooni-1.jpg","datePublished":"2020-09-30T09:33:16+00:00","dateModified":"2025-11-04T12:01:18+00:00","breadcrumb":{"@id":"https:\/\/minuunistustepaev.ee\/fond\/#breadcrumb"},"inLanguage":"ru-RU","potentialAction":[{"@type":"ReadAction","target":["https:\/\/minuunistustepaev.ee\/fond\/"]}]},{"@type":"ImageObject","inLanguage":"ru-RU","@id":"https:\/\/minuunistustepaev.ee\/fond\/#primaryimage","url":"https:\/\/minuunistustepaev.ee\/wp-content\/uploads\/2021\/03\/Mooni-1.jpg","contentUrl":"https:\/\/minuunistustepaev.ee\/wp-content\/uploads\/2021\/03\/Mooni-1.jpg","width":1600,"height":1067},{"@type":"BreadcrumbList","@id":"https:\/\/minuunistustepaev.ee\/fond\/#breadcrumb","itemListElement":[{"@type":"ListItem","position":1,"name":"Home","item":"https:\/\/minuunistustepaev.ee\/ru\/"},{"@type":"ListItem","position":2,"name":"Fond"}]},{"@type":"WebSite","@id":"https:\/\/minuunistustepaev.ee\/#website","url":"https:\/\/minuunistustepaev.ee\/","name":"Minu Unistuste P\u00e4ev","description":"Unistus teeb imet","potentialAction":[{"@type":"SearchAction","target":{"@type":"EntryPoint","urlTemplate":"https:\/\/minuunistustepaev.ee\/?s={search_term_string}"},"query-input":{"@type":"PropertyValueSpecification","valueRequired":true,"valueName":"search_term_string"}}],"inLanguage":"ru-RU"}]}},"_links":{"self":[{"href":"https:\/\/minuunistustepaev.ee\/ru\/wp-json\/wp\/v2\/pages\/13136","targetHints":{"allow":["GET"]}}],"collection":[{"href":"https:\/\/minuunistustepaev.ee\/ru\/wp-json\/wp\/v2\/pages"}],"about":[{"href":"https:\/\/minuunistustepaev.ee\/ru\/wp-json\/wp\/v2\/types\/page"}],"author":[{"embeddable":true,"href":"https:\/\/minuunistustepaev.ee\/ru\/wp-json\/wp\/v2\/users\/1"}],"replies":[{"embeddable":true,"href":"https:\/\/minuunistustepaev.ee\/ru\/wp-json\/wp\/v2\/comments?post=13136"}],"version-history":[{"count":5,"href":"https:\/\/minuunistustepaev.ee\/ru\/wp-json\/wp\/v2\/pages\/13136\/revisions"}],"predecessor-version":[{"id":34083,"href":"https:\/\/minuunistustepaev.ee\/ru\/wp-json\/wp\/v2\/pages\/13136\/revisions\/34083"}],"wp:featuredmedia":[{"embeddable":true,"href":"https:\/\/minuunistustepaev.ee\/ru\/wp-json\/wp\/v2\/media\/12129"}],"wp:attachment":[{"href":"https:\/\/minuunistustepaev.ee\/ru\/wp-json\/wp\/v2\/media?parent=13136"}],"curies":[{"name":"wp","href":"https:\/\/api.w.org\/{rel}","templated":true}]}}