{"id":13146,"date":"2020-09-30T12:35:16","date_gmt":"2020-09-30T09:35:16","guid":{"rendered":"https:\/\/www.minuunistustepaev.ee\/meeskond\/"},"modified":"2026-02-01T16:24:47","modified_gmt":"2026-02-01T13:24:47","slug":"meeskond","status":"publish","type":"page","link":"https:\/\/minuunistustepaev.ee\/ru\/meeskond\/","title":{"rendered":"Meeskond"},"content":{"rendered":"\n<h1 class=\"wp-block-heading\">Meie meeskond<\/h1>\n\n\n\n<p>Meie meeskonna moodustavad inimesed, kellele l\u00e4heb korda laste heaolu. Meid \u00fchendab omavahel soov tuua r\u00f5\u00f5mu raskelt v\u00f5i krooniliselt haigete laste ellu, et toetada sellega nende vaimset tervist. Me usume, et emotsionaalne tugi aitab paranemisele kaasa ning on oluline tervele perele.<\/p>\n\n\n\n<p><\/p>\n","protected":false},"excerpt":{"rendered":"<p>Meie meeskond Meie meeskonna moodustavad inimesed, kellele l\u00e4heb korda laste heaolu. Meid \u00fchendab omavahel soov tuua r\u00f5\u00f5mu raskelt v\u00f5i krooniliselt haigete laste ellu, et toetada [&hellip;]<\/p>\n","protected":false},"author":3,"featured_media":11585,"parent":0,"menu_order":0,"comment_status":"closed","ping_status":"closed","template":"template-team.php","meta":{"_acf_changed":false,"footnotes":""},"class_list":["post-13146","page","type-page","status-publish","has-post-thumbnail","hentry"],"acf":[],"yoast_head":"<!-- This site is optimized with the Yoast SEO plugin v26.3 - https:\/\/yoast.com\/wordpress\/plugins\/seo\/ -->\n<title>Meeskond - Minu Unistuste P\u00e4ev<\/title>\n<meta name=\"robots\" content=\"index, follow, max-snippet:-1, max-image-preview:large, max-video-preview:-1\" \/>\n<link rel=\"canonical\" href=\"https:\/\/minuunistustepaev.ee\/meeskond\/\" \/>\n<meta property=\"og:locale\" content=\"ru_RU\" \/>\n<meta property=\"og:type\" content=\"article\" \/>\n<meta property=\"og:title\" content=\"Meeskond - Minu Unistuste P\u00e4ev\" \/>\n<meta property=\"og:description\" content=\"Meie meeskond Meie meeskonna moodustavad inimesed, kellele l\u00e4heb korda laste heaolu. Meid \u00fchendab omavahel soov tuua r\u00f5\u00f5mu raskelt v\u00f5i krooniliselt haigete laste ellu, et toetada [&hellip;]\" \/>\n<meta property=\"og:url\" content=\"https:\/\/minuunistustepaev.ee\/meeskond\/\" \/>\n<meta property=\"og:site_name\" content=\"Minu Unistuste P\u00e4ev\" \/>\n<meta property=\"article:modified_time\" content=\"2026-02-01T13:24:47+00:00\" \/>\n<meta property=\"og:image\" content=\"https:\/\/minuunistustepaev.ee\/wp-content\/uploads\/2020\/11\/large-bg.jpg\" \/>\n\t<meta property=\"og:image:width\" content=\"1280\" \/>\n\t<meta property=\"og:image:height\" content=\"720\" \/>\n\t<meta property=\"og:image:type\" content=\"image\/jpeg\" \/>\n<meta name=\"twitter:card\" content=\"summary_large_image\" \/>\n<meta name=\"twitter:label1\" content=\"\u041f\u0440\u0438\u043c\u0435\u0440\u043d\u043e\u0435 \u0432\u0440\u0435\u043c\u044f \u0434\u043b\u044f \u0447\u0442\u0435\u043d\u0438\u044f\" \/>\n\t<meta name=\"twitter:data1\" content=\"1 \u043c\u0438\u043d\u0443\u0442\u0430\" \/>\n<script type=\"application\/ld+json\" class=\"yoast-schema-graph\">{\"@context\":\"https:\/\/schema.org\",\"@graph\":[{\"@type\":\"WebPage\",\"@id\":\"https:\/\/minuunistustepaev.ee\/meeskond\/\",\"url\":\"https:\/\/minuunistustepaev.ee\/meeskond\/\",\"name\":\"Meeskond - Minu Unistuste P\u00e4ev\",\"isPartOf\":{\"@id\":\"https:\/\/minuunistustepaev.ee\/#website\"},\"primaryImageOfPage\":{\"@id\":\"https:\/\/minuunistustepaev.ee\/meeskond\/#primaryimage\"},\"image\":{\"@id\":\"https:\/\/minuunistustepaev.ee\/meeskond\/#primaryimage\"},\"thumbnailUrl\":\"https:\/\/www.minuunistustepaev.ee\/wp-content\/uploads\/2020\/11\/large-bg.jpg\",\"datePublished\":\"2020-09-30T09:35:16+00:00\",\"dateModified\":\"2026-02-01T13:24:47+00:00\",\"breadcrumb\":{\"@id\":\"https:\/\/minuunistustepaev.ee\/meeskond\/#breadcrumb\"},\"inLanguage\":\"ru-RU\",\"potentialAction\":[{\"@type\":\"ReadAction\",\"target\":[\"https:\/\/minuunistustepaev.ee\/meeskond\/\"]}]},{\"@type\":\"ImageObject\",\"inLanguage\":\"ru-RU\",\"@id\":\"https:\/\/minuunistustepaev.ee\/meeskond\/#primaryimage\",\"url\":\"https:\/\/www.minuunistustepaev.ee\/wp-content\/uploads\/2020\/11\/large-bg.jpg\",\"contentUrl\":\"https:\/\/www.minuunistustepaev.ee\/wp-content\/uploads\/2020\/11\/large-bg.jpg\",\"width\":1280,\"height\":720},{\"@type\":\"BreadcrumbList\",\"@id\":\"https:\/\/minuunistustepaev.ee\/meeskond\/#breadcrumb\",\"itemListElement\":[{\"@type\":\"ListItem\",\"position\":1,\"name\":\"Home\",\"item\":\"https:\/\/minuunistustepaev.ee\/ru\/\"},{\"@type\":\"ListItem\",\"position\":2,\"name\":\"Meeskond\"}]},{\"@type\":\"WebSite\",\"@id\":\"https:\/\/minuunistustepaev.ee\/#website\",\"url\":\"https:\/\/minuunistustepaev.ee\/\",\"name\":\"Minu Unistuste P\u00e4ev\",\"description\":\"Unistus teeb imet\",\"potentialAction\":[{\"@type\":\"SearchAction\",\"target\":{\"@type\":\"EntryPoint\",\"urlTemplate\":\"https:\/\/minuunistustepaev.ee\/?s={search_term_string}\"},\"query-input\":{\"@type\":\"PropertyValueSpecification\",\"valueRequired\":true,\"valueName\":\"search_term_string\"}}],\"inLanguage\":\"ru-RU\"}]}<\/script>\n<!-- \/ Yoast SEO plugin. -->","yoast_head_json":{"title":"Meeskond - Minu Unistuste P\u00e4ev","robots":{"index":"index","follow":"follow","max-snippet":"max-snippet:-1","max-image-preview":"max-image-preview:large","max-video-preview":"max-video-preview:-1"},"canonical":"https:\/\/minuunistustepaev.ee\/meeskond\/","og_locale":"ru_RU","og_type":"article","og_title":"Meeskond - Minu Unistuste P\u00e4ev","og_description":"Meie meeskond Meie meeskonna moodustavad inimesed, kellele l\u00e4heb korda laste heaolu. Meid \u00fchendab omavahel soov tuua r\u00f5\u00f5mu raskelt v\u00f5i krooniliselt haigete laste ellu, et toetada [&hellip;]","og_url":"https:\/\/minuunistustepaev.ee\/meeskond\/","og_site_name":"Minu Unistuste P\u00e4ev","article_modified_time":"2026-02-01T13:24:47+00:00","og_image":[{"width":1280,"height":720,"url":"https:\/\/minuunistustepaev.ee\/wp-content\/uploads\/2020\/11\/large-bg.jpg","type":"image\/jpeg"}],"twitter_card":"summary_large_image","twitter_misc":{"\u041f\u0440\u0438\u043c\u0435\u0440\u043d\u043e\u0435 \u0432\u0440\u0435\u043c\u044f \u0434\u043b\u044f \u0447\u0442\u0435\u043d\u0438\u044f":"1 \u043c\u0438\u043d\u0443\u0442\u0430"},"schema":{"@context":"https:\/\/schema.org","@graph":[{"@type":"WebPage","@id":"https:\/\/minuunistustepaev.ee\/meeskond\/","url":"https:\/\/minuunistustepaev.ee\/meeskond\/","name":"Meeskond - Minu Unistuste P\u00e4ev","isPartOf":{"@id":"https:\/\/minuunistustepaev.ee\/#website"},"primaryImageOfPage":{"@id":"https:\/\/minuunistustepaev.ee\/meeskond\/#primaryimage"},"image":{"@id":"https:\/\/minuunistustepaev.ee\/meeskond\/#primaryimage"},"thumbnailUrl":"https:\/\/www.minuunistustepaev.ee\/wp-content\/uploads\/2020\/11\/large-bg.jpg","datePublished":"2020-09-30T09:35:16+00:00","dateModified":"2026-02-01T13:24:47+00:00","breadcrumb":{"@id":"https:\/\/minuunistustepaev.ee\/meeskond\/#breadcrumb"},"inLanguage":"ru-RU","potentialAction":[{"@type":"ReadAction","target":["https:\/\/minuunistustepaev.ee\/meeskond\/"]}]},{"@type":"ImageObject","inLanguage":"ru-RU","@id":"https:\/\/minuunistustepaev.ee\/meeskond\/#primaryimage","url":"https:\/\/www.minuunistustepaev.ee\/wp-content\/uploads\/2020\/11\/large-bg.jpg","contentUrl":"https:\/\/www.minuunistustepaev.ee\/wp-content\/uploads\/2020\/11\/large-bg.jpg","width":1280,"height":720},{"@type":"BreadcrumbList","@id":"https:\/\/minuunistustepaev.ee\/meeskond\/#breadcrumb","itemListElement":[{"@type":"ListItem","position":1,"name":"Home","item":"https:\/\/minuunistustepaev.ee\/ru\/"},{"@type":"ListItem","position":2,"name":"Meeskond"}]},{"@type":"WebSite","@id":"https:\/\/minuunistustepaev.ee\/#website","url":"https:\/\/minuunistustepaev.ee\/","name":"Minu Unistuste P\u00e4ev","description":"Unistus teeb imet","potentialAction":[{"@type":"SearchAction","target":{"@type":"EntryPoint","urlTemplate":"https:\/\/minuunistustepaev.ee\/?s={search_term_string}"},"query-input":{"@type":"PropertyValueSpecification","valueRequired":true,"valueName":"search_term_string"}}],"inLanguage":"ru-RU"}]}},"_links":{"self":[{"href":"https:\/\/minuunistustepaev.ee\/ru\/wp-json\/wp\/v2\/pages\/13146","targetHints":{"allow":["GET"]}}],"collection":[{"href":"https:\/\/minuunistustepaev.ee\/ru\/wp-json\/wp\/v2\/pages"}],"about":[{"href":"https:\/\/minuunistustepaev.ee\/ru\/wp-json\/wp\/v2\/types\/page"}],"author":[{"embeddable":true,"href":"https:\/\/minuunistustepaev.ee\/ru\/wp-json\/wp\/v2\/users\/3"}],"replies":[{"embeddable":true,"href":"https:\/\/minuunistustepaev.ee\/ru\/wp-json\/wp\/v2\/comments?post=13146"}],"version-history":[{"count":5,"href":"https:\/\/minuunistustepaev.ee\/ru\/wp-json\/wp\/v2\/pages\/13146\/revisions"}],"predecessor-version":[{"id":38300,"href":"https:\/\/minuunistustepaev.ee\/ru\/wp-json\/wp\/v2\/pages\/13146\/revisions\/38300"}],"wp:featuredmedia":[{"embeddable":true,"href":"https:\/\/minuunistustepaev.ee\/ru\/wp-json\/wp\/v2\/media\/11585"}],"wp:attachment":[{"href":"https:\/\/minuunistustepaev.ee\/ru\/wp-json\/wp\/v2\/media?parent=13146"}],"curies":[{"name":"wp","href":"https:\/\/api.w.org\/{rel}","templated":true}]}}